{"id":65,"date":"2023-12-29T16:23:27","date_gmt":"2023-12-29T15:23:27","guid":{"rendered":"https:\/\/alpemballage.fr\/?page_id=65"},"modified":"2024-02-12T15:49:08","modified_gmt":"2024-02-12T14:49:08","slug":"nos-catalogues","status":"publish","type":"page","link":"https:\/\/alpemballage.fr\/index.php\/nos-catalogues\/","title":{"rendered":"Nos Catalogues"},"content":{"rendered":"\n<figure class=\"wp-block-image aligncenter size-large is-resized\"><a href=\"https:\/\/www.calameo.com\/read\/00052573915b31ccaefb2\" target=\"_blank\" rel=\"noreferrer noopener\"><img loading=\"lazy\" decoding=\"async\" width=\"731\" height=\"1024\" src=\"https:\/\/alpemballage.fr\/wp-content\/uploads\/2023\/12\/pagegarde-alp-CATALOGUE-731x1024.jpg\" alt=\"\" class=\"wp-image-72\" style=\"width:350px\" srcset=\"https:\/\/alpemballage.fr\/wp-content\/uploads\/2023\/12\/pagegarde-alp-CATALOGUE-731x1024.jpg 731w, https:\/\/alpemballage.fr\/wp-content\/uploads\/2023\/12\/pagegarde-alp-CATALOGUE-214x300.jpg 214w, https:\/\/alpemballage.fr\/wp-content\/uploads\/2023\/12\/pagegarde-alp-CATALOGUE-768x1076.jpg 768w, https:\/\/alpemballage.fr\/wp-content\/uploads\/2023\/12\/pagegarde-alp-CATALOGUE-1097x1536.jpg 1097w, https:\/\/alpemballage.fr\/wp-content\/uploads\/2023\/12\/pagegarde-alp-CATALOGUE-1462x2048.jpg 1462w, https:\/\/alpemballage.fr\/wp-content\/uploads\/2023\/12\/pagegarde-alp-CATALOGUE-scaled.jpg 1828w\" sizes=\"auto, (max-width: 731px) 100vw, 731px\" \/><\/a><\/figure>\n\n\n\n<div class=\"wp-block-buttons is-content-justification-center is-layout-flex wp-container-core-buttons-is-layout-a89b3969 wp-block-buttons-is-layout-flex\">\n<div class=\"wp-block-button\"><a class=\"wp-block-button__link has-text-align-center wp-element-button\" href=\"https:\/\/alpemballage.fr\/catalogue\/catalogue_general_alp_emballage.pdf\" target=\"_blank\" rel=\"noreferrer noopener\">Cliquez ici pour le t\u00e9l\u00e9charger<\/a><\/div>\n\n\n\n<div class=\"wp-block-button\"><a class=\"wp-block-button__link has-text-align-center wp-element-button\" href=\"https:\/\/www.calameo.com\/read\/00052573915b31ccaefb2\" target=\"_blank\" rel=\"noreferrer noopener\">Cliquez ici pour le feuilleter<\/a><\/div>\n<\/div>\n\n\n\n<div class=\"wp-block-group alignfull is-layout-constrained wp-container-core-group-is-layout-4b87db4f wp-block-group-is-layout-constrained\" style=\"margin-top:0px;margin-bottom:0px;padding-top:64px;padding-bottom:64px\">\n<div class=\"wp-block-columns alignwide is-layout-flex wp-container-core-columns-is-layout-28f84493 wp-block-columns-is-layout-flex\">\n<div class=\"wp-block-column is-layout-flow wp-block-column-is-layout-flow\" style=\"flex-basis:100%\">\n<h2 class=\"wp-block-heading\">Nos catalogues par gamme<\/h2>\n<\/div>\n<\/div>\n\n\n\n<div class=\"wp-block-columns alignwide is-layout-flex wp-container-core-columns-is-layout-13e2ef3f wp-block-columns-is-layout-flex\">\n<div class=\"wp-block-column has-ti-bg-alt-background-color has-background is-layout-flow wp-block-column-is-layout-flow\" style=\"border-width:2px;padding-top:24px;padding-right:24px;padding-bottom:24px;padding-left:24px\">\n<figure class=\"wp-block-image aligncenter size-full is-resized\"><a href=\"https:\/\/www.calameo.com\/read\/0058705765510f95c4509\" target=\"_blank\" rel=\"noreferrer noopener\"><img loading=\"lazy\" decoding=\"async\" width=\"567\" height=\"401\" src=\"http:\/\/alpemballage.fr\/wp-content\/uploads\/2024\/01\/Sans-titre-1.jpg\" alt=\"\" class=\"wp-image-81\" style=\"width:301px;height:auto\" srcset=\"https:\/\/alpemballage.fr\/wp-content\/uploads\/2024\/01\/Sans-titre-1.jpg 567w, https:\/\/alpemballage.fr\/wp-content\/uploads\/2024\/01\/Sans-titre-1-300x212.jpg 300w\" sizes=\"auto, (max-width: 567px) 100vw, 567px\" \/><\/a><\/figure>\n\n\n\n<div style=\"height:36px\" aria-hidden=\"true\" class=\"wp-block-spacer\"><\/div>\n\n\n\n<h4 class=\"wp-block-heading\">Gamme Aluminium<\/h4>\n\n\n\n<p>Retrouvez \u00e0 travers ce catalogue tous les produits destin\u00e9s \u00e0 l&rsquo;alimentaire en mati\u00e8re aluminium: plats, moules, barquettes, plateaux, tourti\u00e8res, &#8230;<\/p>\n\n\n\n<div class=\"wp-block-buttons is-content-justification-left is-layout-flex wp-container-core-buttons-is-layout-fc4fd283 wp-block-buttons-is-layout-flex\">\n<div class=\"wp-block-button has-custom-width wp-block-button__width-100\"><a class=\"wp-block-button__link wp-element-button\" href=\"https:\/\/www.calameo.com\/read\/0058705765510f95c4509\" target=\"_blank\" rel=\"noreferrer noopener\">Feuilletez-le &gt;&gt;<\/a><\/div>\n<\/div>\n<\/div>\n\n\n\n<div class=\"wp-block-column has-ti-bg-alt-background-color has-background is-layout-flow wp-block-column-is-layout-flow\" style=\"border-width:2px;padding-top:24px;padding-right:24px;padding-bottom:24px;padding-left:24px\">\n<figure class=\"wp-block-image aligncenter size-full is-resized\"><a href=\"https:\/\/www.calameo.com\/read\/0058705766c460bb2e19d\" target=\"_blank\" rel=\"noreferrer noopener\"><img loading=\"lazy\" decoding=\"async\" width=\"637\" height=\"903\" src=\"https:\/\/alpemballage.fr\/wp-content\/uploads\/2024\/01\/catalogue-barquettes-2024.jpg\" alt=\"\" class=\"wp-image-112\" style=\"width:187px\" srcset=\"https:\/\/alpemballage.fr\/wp-content\/uploads\/2024\/01\/catalogue-barquettes-2024.jpg 637w, https:\/\/alpemballage.fr\/wp-content\/uploads\/2024\/01\/catalogue-barquettes-2024-212x300.jpg 212w\" sizes=\"auto, (max-width: 637px) 100vw, 637px\" \/><\/a><\/figure>\n\n\n\n<h4 class=\"wp-block-heading\">Emballage alimentaire<\/h4>\n\n\n\n<p>Au travers de ce catalogue d\u00e9couvrez tous types d&#8217;emballages pour restauration: Barquettes utilisation froide\/chaude, plastique, fibres, \u00e9cologique<\/p>\n\n\n\n<div class=\"wp-block-buttons is-content-justification-left is-layout-flex wp-container-core-buttons-is-layout-fc4fd283 wp-block-buttons-is-layout-flex\">\n<div class=\"wp-block-button has-custom-width wp-block-button__width-100\"><a class=\"wp-block-button__link wp-element-button\" href=\"https:\/\/www.calameo.com\/read\/0058705766c460bb2e19d\" target=\"_blank\" rel=\"noreferrer noopener\">Feuilletez-le &gt;&gt;<\/a><\/div>\n<\/div>\n<\/div>\n\n\n\n<div class=\"wp-block-column has-ti-bg-alt-background-color has-background is-layout-flow wp-block-column-is-layout-flow\" style=\"border-width:2px;padding-top:24px;padding-right:24px;padding-bottom:24px;padding-left:24px\">\n<figure class=\"wp-block-image aligncenter size-full is-resized\"><a href=\"https:\/\/www.calameo.com\/read\/00587057633f29bf5e8d3\" target=\"_blank\" rel=\"noreferrer noopener\"><img loading=\"lazy\" decoding=\"async\" width=\"1810\" height=\"2560\" src=\"https:\/\/alpemballage.fr\/wp-content\/uploads\/2024\/01\/catalogue-vaisselle-narture-alp-emballage-1-scaled.jpg\" alt=\"\" class=\"wp-image-114\" style=\"width:187px;height:auto\" srcset=\"https:\/\/alpemballage.fr\/wp-content\/uploads\/2024\/01\/catalogue-vaisselle-narture-alp-emballage-1-scaled.jpg 1810w, https:\/\/alpemballage.fr\/wp-content\/uploads\/2024\/01\/catalogue-vaisselle-narture-alp-emballage-1-212x300.jpg 212w, https:\/\/alpemballage.fr\/wp-content\/uploads\/2024\/01\/catalogue-vaisselle-narture-alp-emballage-1-724x1024.jpg 724w, https:\/\/alpemballage.fr\/wp-content\/uploads\/2024\/01\/catalogue-vaisselle-narture-alp-emballage-1-768x1086.jpg 768w, https:\/\/alpemballage.fr\/wp-content\/uploads\/2024\/01\/catalogue-vaisselle-narture-alp-emballage-1-1086x1536.jpg 1086w, https:\/\/alpemballage.fr\/wp-content\/uploads\/2024\/01\/catalogue-vaisselle-narture-alp-emballage-1-1448x2048.jpg 1448w\" sizes=\"auto, (max-width: 1810px) 100vw, 1810px\" \/><\/a><\/figure>\n\n\n\n<h4 class=\"wp-block-heading\">Vaisselle Nature<\/h4>\n\n\n\n<p>Feuilletez ce catalogue et trouvez ce qu&rsquo;il vous faut en vaisselle \u00e9cologique: assiettes, gobelets, couverts, sets de table, produits buffet&#8230; Large choix de produits respectant l&rsquo;environnement.<\/p>\n\n\n\n<div class=\"wp-block-buttons is-content-justification-left is-layout-flex wp-container-core-buttons-is-layout-fc4fd283 wp-block-buttons-is-layout-flex\">\n<div class=\"wp-block-button has-custom-width wp-block-button__width-100\"><a class=\"wp-block-button__link wp-element-button\" href=\"https:\/\/www.calameo.com\/read\/00587057633f29bf5e8d3\" target=\"_blank\" rel=\"noreferrer noopener\">Feuilletez-le &gt;&gt;<\/a><\/div>\n<\/div>\n<\/div>\n<\/div>\n<\/div>\n\n\n\n<div class=\"wp-block-group alignfull is-layout-constrained wp-container-core-group-is-layout-4b87db4f wp-block-group-is-layout-constrained\" style=\"margin-top:0px;margin-bottom:0px;padding-top:64px;padding-bottom:64px\">\n<div class=\"wp-block-columns alignwide is-layout-flex wp-container-core-columns-is-layout-28f84493 wp-block-columns-is-layout-flex\">\n<div class=\"wp-block-column is-layout-flow wp-block-column-is-layout-flow\" style=\"flex-basis:100%\">\n<h3 class=\"wp-block-heading\">Le personnalis\u00e9, notre savoir faire pour vous d\u00e9marquer!<\/h3>\n<\/div>\n<\/div>\n\n\n\n<div class=\"wp-block-columns alignwide is-layout-flex wp-container-core-columns-is-layout-13e2ef3f wp-block-columns-is-layout-flex\">\n<div class=\"wp-block-column has-ti-bg-alt-background-color has-background is-layout-flow wp-block-column-is-layout-flow\" style=\"border-width:2px;padding-top:24px;padding-right:24px;padding-bottom:24px;padding-left:24px\">\n<figure class=\"wp-block-image aligncenter size-full is-resized\"><a href=\"https:\/\/www.calameo.com\/read\/005870576bc90a1e6c8b3\" target=\"_blank\" rel=\"noreferrer noopener\"><img loading=\"lazy\" decoding=\"async\" width=\"1818\" height=\"2560\" src=\"https:\/\/alpemballage.fr\/wp-content\/uploads\/2024\/01\/DROME-plateau-repas-scaled.jpg\" alt=\"\" class=\"wp-image-153\" style=\"width:187px;height:auto\" srcset=\"https:\/\/alpemballage.fr\/wp-content\/uploads\/2024\/01\/DROME-plateau-repas-scaled.jpg 1818w, https:\/\/alpemballage.fr\/wp-content\/uploads\/2024\/01\/DROME-plateau-repas-213x300.jpg 213w, https:\/\/alpemballage.fr\/wp-content\/uploads\/2024\/01\/DROME-plateau-repas-727x1024.jpg 727w, https:\/\/alpemballage.fr\/wp-content\/uploads\/2024\/01\/DROME-plateau-repas-768x1081.jpg 768w, https:\/\/alpemballage.fr\/wp-content\/uploads\/2024\/01\/DROME-plateau-repas-1091x1536.jpg 1091w, https:\/\/alpemballage.fr\/wp-content\/uploads\/2024\/01\/DROME-plateau-repas-1454x2048.jpg 1454w\" sizes=\"auto, (max-width: 1818px) 100vw, 1818px\" \/><\/a><\/figure>\n\n\n\n<h4 class=\"wp-block-heading\">Plateaux Repas Dr\u00f4me<\/h4>\n\n\n\n<p>Innovation interne, fabrication locale et \u00e9cologique, le plateau repas Dr\u00f4me 100% carton, est la r\u00e9volution des plateaux repas.<\/p>\n\n\n\n<p>Personnalis\u00e9 \u00e0 votre image sur le dessus de la boite d\u00e8s 100 plateaux avec Frais de clich\u00e9 offerts ! La gamme se d\u00e9cline en 3 mod\u00e8les de compartiments \u00e0 l&rsquo;int\u00e9rieur, vous permettant de satisfaire toutes vos demandes!<\/p>\n\n\n\n<div class=\"wp-block-buttons is-content-justification-left is-layout-flex wp-container-core-buttons-is-layout-fc4fd283 wp-block-buttons-is-layout-flex\">\n<div class=\"wp-block-button has-custom-width wp-block-button__width-100\"><a class=\"wp-block-button__link wp-element-button\" href=\"https:\/\/www.calameo.com\/read\/005870576bc90a1e6c8b3\" target=\"_blank\" rel=\"noreferrer noopener\">Feuilletez-le &gt;&gt;<\/a><\/div>\n<\/div>\n<\/div>\n\n\n\n<div class=\"wp-block-column has-ti-bg-alt-background-color has-background is-layout-flow wp-block-column-is-layout-flow\" style=\"border-width:2px;padding-top:24px;padding-right:24px;padding-bottom:24px;padding-left:24px\">\n<figure class=\"wp-block-image aligncenter size-full is-resized\"><a href=\"https:\/\/www.calameo.com\/read\/0058705768bb82d9cdb21\" target=\"_blank\" rel=\"noreferrer noopener\"><img loading=\"lazy\" decoding=\"async\" width=\"1810\" height=\"2560\" src=\"https:\/\/alpemballage.fr\/wp-content\/uploads\/2024\/01\/plaquette-sacs-ALP-scaled.jpg\" alt=\"\" class=\"wp-image-143\" style=\"width:187px\" srcset=\"https:\/\/alpemballage.fr\/wp-content\/uploads\/2024\/01\/plaquette-sacs-ALP-scaled.jpg 1810w, https:\/\/alpemballage.fr\/wp-content\/uploads\/2024\/01\/plaquette-sacs-ALP-212x300.jpg 212w, https:\/\/alpemballage.fr\/wp-content\/uploads\/2024\/01\/plaquette-sacs-ALP-724x1024.jpg 724w, https:\/\/alpemballage.fr\/wp-content\/uploads\/2024\/01\/plaquette-sacs-ALP-768x1086.jpg 768w, https:\/\/alpemballage.fr\/wp-content\/uploads\/2024\/01\/plaquette-sacs-ALP-1086x1536.jpg 1086w, https:\/\/alpemballage.fr\/wp-content\/uploads\/2024\/01\/plaquette-sacs-ALP-1448x2048.jpg 1448w\" sizes=\"auto, (max-width: 1810px) 100vw, 1810px\" \/><\/a><\/figure>\n\n\n\n<h4 class=\"wp-block-heading\">Sacs papier<\/h4>\n\n\n\n<p>Changez vos sacs papier vierge et passez aux sacs personnalis\u00e9s ! <\/p>\n\n\n\n<p>V\u00e9hiculez votre image simplement, les sacs sont vendus par minimum de commande 200 sacs<\/p>\n\n\n\n<p>Impression quadrichromie de votre logo sur 1 face ! Frais de clich\u00e9 offerts, 5 tailles de sacs disponibles, sur d\u00e9lai 5 jours. <\/p>\n\n\n\n<div class=\"wp-block-buttons is-content-justification-left is-layout-flex wp-container-core-buttons-is-layout-fc4fd283 wp-block-buttons-is-layout-flex\">\n<div class=\"wp-block-button has-custom-width wp-block-button__width-100\"><a class=\"wp-block-button__link wp-element-button\" href=\"https:\/\/www.calameo.com\/read\/0058705768bb82d9cdb21\" target=\"_blank\" rel=\"noreferrer noopener\">Feuilletez-le &gt;&gt;<\/a><\/div>\n<\/div>\n<\/div>\n\n\n\n<div class=\"wp-block-column has-ti-bg-alt-background-color has-background is-layout-flow wp-block-column-is-layout-flow\" style=\"border-width:2px;padding-top:24px;padding-right:24px;padding-bottom:24px;padding-left:24px\">\n<figure class=\"wp-block-image aligncenter size-full is-resized\"><a href=\"https:\/\/www.calameo.com\/read\/00587057681034d045f26\" target=\"_blank\" rel=\"noreferrer noopener\"><img loading=\"lazy\" decoding=\"async\" width=\"1810\" height=\"2560\" src=\"https:\/\/alpemballage.fr\/wp-content\/uploads\/2024\/01\/plaquette-etiquette-ALP-1-scaled.jpg\" alt=\"\" class=\"wp-image-141\" style=\"width:187px;height:auto\" srcset=\"https:\/\/alpemballage.fr\/wp-content\/uploads\/2024\/01\/plaquette-etiquette-ALP-1-scaled.jpg 1810w, https:\/\/alpemballage.fr\/wp-content\/uploads\/2024\/01\/plaquette-etiquette-ALP-1-212x300.jpg 212w, https:\/\/alpemballage.fr\/wp-content\/uploads\/2024\/01\/plaquette-etiquette-ALP-1-724x1024.jpg 724w, https:\/\/alpemballage.fr\/wp-content\/uploads\/2024\/01\/plaquette-etiquette-ALP-1-768x1086.jpg 768w, https:\/\/alpemballage.fr\/wp-content\/uploads\/2024\/01\/plaquette-etiquette-ALP-1-1086x1536.jpg 1086w, https:\/\/alpemballage.fr\/wp-content\/uploads\/2024\/01\/plaquette-etiquette-ALP-1-1448x2048.jpg 1448w\" sizes=\"auto, (max-width: 1810px) 100vw, 1810px\" \/><\/a><\/figure>\n\n\n\n<h4 class=\"wp-block-heading\">\u00c9tiquettes adh\u00e9sives<\/h4>\n\n\n\n<p>Personnalisez vos contenants par de jolis stickers adh\u00e9sifs! Imaginez vos belles barquettes, gobelets avec votre logo dessus! Original, efficace, d\u00e9marquez vous et pr\u00e9sentez une banque produits vous repr\u00e9sentant!<\/p>\n\n\n\n<p>Vendues par 1500 \u00e9tiquettes, profitez-en pour changer votre visuel \u00e0 chaque envie: St valentin, No\u00ebl, &#8230;<\/p>\n\n\n\n<div class=\"wp-block-buttons is-content-justification-left is-layout-flex wp-container-core-buttons-is-layout-fc4fd283 wp-block-buttons-is-layout-flex\">\n<div class=\"wp-block-button has-custom-width wp-block-button__width-100\"><a class=\"wp-block-button__link wp-element-button\" href=\"https:\/\/www.calameo.com\/read\/00587057681034d045f26\" target=\"_blank\" rel=\"noreferrer noopener\">Feuilletez-le &gt;&gt;<\/a><\/div>\n<\/div>\n<\/div>\n<\/div>\n<\/div>\n","protected":false},"excerpt":{"rendered":"<p>Nos catalogues par gamme Gamme Aluminium Retrouvez \u00e0 travers ce catalogue tous les produits destin\u00e9s \u00e0 l&rsquo;alimentaire en mati\u00e8re aluminium: plats, moules, barquettes, plateaux, tourti\u00e8res, &#8230; Emballage alimentaire Au travers de ce catalogue d\u00e9couvrez tous types d&#8217;emballages pour restauration: Barquettes utilisation froide\/chaude, plastique, fibres, \u00e9cologique Vaisselle Nature Feuilletez ce catalogue et trouvez ce qu&rsquo;il vous [&hellip;]<\/p>\n","protected":false},"author":1,"featured_media":0,"parent":0,"menu_order":0,"comment_status":"closed","ping_status":"closed","template":"","meta":{"footnotes":""},"class_list":["post-65","page","type-page","status-publish","hentry"],"_links":{"self":[{"href":"https:\/\/alpemballage.fr\/index.php\/wp-json\/wp\/v2\/pages\/65","targetHints":{"allow":["GET"]}}],"collection":[{"href":"https:\/\/alpemballage.fr\/index.php\/wp-json\/wp\/v2\/pages"}],"about":[{"href":"https:\/\/alpemballage.fr\/index.php\/wp-json\/wp\/v2\/types\/page"}],"author":[{"embeddable":true,"href":"https:\/\/alpemballage.fr\/index.php\/wp-json\/wp\/v2\/users\/1"}],"replies":[{"embeddable":true,"href":"https:\/\/alpemballage.fr\/index.php\/wp-json\/wp\/v2\/comments?post=65"}],"version-history":[{"count":62,"href":"https:\/\/alpemballage.fr\/index.php\/wp-json\/wp\/v2\/pages\/65\/revisions"}],"predecessor-version":[{"id":229,"href":"https:\/\/alpemballage.fr\/index.php\/wp-json\/wp\/v2\/pages\/65\/revisions\/229"}],"wp:attachment":[{"href":"https:\/\/alpemballage.fr\/index.php\/wp-json\/wp\/v2\/media?parent=65"}],"curies":[{"name":"wp","href":"https:\/\/api.w.org\/{rel}","templated":true}]}}